{"id":589,"date":"2013-09-03T14:26:57","date_gmt":"2013-09-03T12:26:57","guid":{"rendered":"http:\/\/wlh.hemsida.eu\/?page_id=589"},"modified":"2017-04-04T14:11:16","modified_gmt":"2017-04-04T12:11:16","slug":"master-program","status":"publish","type":"page","link":"https:\/\/2026.wlh.se\/en\/about-wlh\/research\/master-program\/","title":{"rendered":"Master programme"},"content":{"rendered":"<div id=\"c151\">\n<div>\n<p>WLH does not offer master programmes. It is however is of great importance for our kindergartens, schools and educational programmes that some of our kindergarten- and school teachers with waldorf profile write about their experiences.<\/p>\n<p><a href=\"https:\/\/www.steinerhoyskolen.no\/\">Rudolf Steiner University<\/a> (RSUC) in Oslo offers a three-year part time practice based Master programme for pedagogues. Read more\u00a0<a title=\"\u00d6ppnar extern l\u00e4nk i nytt f\u00f6nster\" href=\"https:\/\/www.steinerhoyskolen.no\/studietilbud\/master\/\" target=\"_blank\">here.<\/a><\/p>\n<p>Swedish master students have the possibility of applying for scholarships through the Waldorf School Federation. Read more here:\u00a0<a href=\"http:\/\/waldorf.se\/\" target=\"_blank\">http:\/\/waldorf.se\/<\/a><\/p>\n<p>&nbsp;<\/p>\n<\/div>\n<\/div>\n<div id=\"c716\">\n<div>\n<h4>Master theses from RSUC<\/h4>\n<\/div>\n<div>\n<p>Here you can read a selection of Master thesis written at RSH Oslo:\u00a0<a href=\"https:\/\/www.steinerhoyskolen.no\/studietilbud\/master\/\" target=\"_blank\">http:\/\/www.rshoyskolen.no\/master-thesis\/<\/a><\/p>\n<\/div>\n<\/div>\n","protected":false},"excerpt":{"rendered":"<p>WLH does not offer master programmes. It is however is of great importance for our kindergartens, schools and educational programmes that some of our kindergarten- and school teachers with waldorf profile write about their experiences. Rudolf Steiner University (RSUC) in Oslo offers a three-year part time practice based Master programme for pedagogues. Read more\u00a0here. Swedish [&hellip;]<\/p>\n","protected":false},"author":1,"featured_media":0,"parent":3821,"menu_order":49,"comment_status":"closed","ping_status":"closed","template":"","meta":{"_acf_changed":false,"footnotes":""},"class_list":["post-589","page","type-page","status-publish","hentry"],"acf":[],"_links":{"self":[{"href":"https:\/\/2026.wlh.se\/en\/wp-json\/wp\/v2\/pages\/589","targetHints":{"allow":["GET"]}}],"collection":[{"href":"https:\/\/2026.wlh.se\/en\/wp-json\/wp\/v2\/pages"}],"about":[{"href":"https:\/\/2026.wlh.se\/en\/wp-json\/wp\/v2\/types\/page"}],"author":[{"embeddable":true,"href":"https:\/\/2026.wlh.se\/en\/wp-json\/wp\/v2\/users\/1"}],"replies":[{"embeddable":true,"href":"https:\/\/2026.wlh.se\/en\/wp-json\/wp\/v2\/comments?post=589"}],"version-history":[{"count":7,"href":"https:\/\/2026.wlh.se\/en\/wp-json\/wp\/v2\/pages\/589\/revisions"}],"predecessor-version":[{"id":3960,"href":"https:\/\/2026.wlh.se\/en\/wp-json\/wp\/v2\/pages\/589\/revisions\/3960"}],"up":[{"embeddable":true,"href":"https:\/\/2026.wlh.se\/en\/wp-json\/wp\/v2\/pages\/3821"}],"wp:attachment":[{"href":"https:\/\/2026.wlh.se\/en\/wp-json\/wp\/v2\/media?parent=589"}],"curies":[{"name":"wp","href":"https:\/\/api.w.org\/{rel}","templated":true}]}}